{"id":1924,"date":"2023-12-05T02:21:52","date_gmt":"2023-12-05T01:21:52","guid":{"rendered":"https:\/\/doroniasse.com\/?page_id=1924"},"modified":"2025-12-26T16:49:20","modified_gmt":"2025-12-26T15:49:20","slug":"politiques","status":"publish","type":"page","link":"https:\/\/clone.doroniasse.com\/staging\/politiques\/","title":{"rendered":"Politiques"},"content":{"rendered":"\t\t<div data-elementor-type=\"wp-page\" data-elementor-id=\"1924\" class=\"elementor elementor-1924\" data-elementor-post-type=\"page\">\n\t\t\t\t\t\t\t\t\t<section class=\"elementor-section elementor-top-section elementor-element elementor-element-a602943 elementor-section-boxed elementor-section-height-default elementor-section-height-default exad-glass-effect-no wpr-particle-no wpr-jarallax-no wpr-parallax-no wpr-sticky-section-no exad-sticky-section-no\" data-id=\"a602943\" data-element_type=\"section\" data-settings=\"{&quot;_ha_eqh_enable&quot;:false}\">\n\t\t\t\t\t\t<div class=\"elementor-container elementor-column-gap-default\">\n\t\t\t\t\t<div class=\"elementor-column elementor-col-100 elementor-top-column elementor-element elementor-element-289ad03 exad-glass-effect-no exad-sticky-section-no\" data-id=\"289ad03\" data-element_type=\"column\">\n\t\t\t<div class=\"elementor-widget-wrap elementor-element-populated\">\n\t\t\t\t\t\t\t\t<div class=\"elementor-element elementor-element-3943ae2 exad-sticky-section-no exad-glass-effect-no elementor-widget elementor-widget-heading\" data-id=\"3943ae2\" data-element_type=\"widget\" data-widget_type=\"heading.default\">\n\t\t\t\t<div class=\"elementor-widget-container\">\n\t\t\t<style>\/*! elementor - v3.17.0 - 08-11-2023 *\/\n.elementor-heading-title{padding:0;margin:0;line-height:1}.elementor-widget-heading .elementor-heading-title[class*=elementor-size-]>a{color:inherit;font-size:inherit;line-height:inherit}.elementor-widget-heading .elementor-heading-title.elementor-size-small{font-size:15px}.elementor-widget-heading .elementor-heading-title.elementor-size-medium{font-size:19px}.elementor-widget-heading .elementor-heading-title.elementor-size-large{font-size:29px}.elementor-widget-heading .elementor-heading-title.elementor-size-xl{font-size:39px}.elementor-widget-heading .elementor-heading-title.elementor-size-xxl{font-size:59px}<\/style><span id=\"scroll69f52b4367558\"  class=\"scrollMagicControl\" type=\"hidden\" effect = {} wpmp_enable_desktop=\"yes\" wpmp_enable_tablet=\"yes\" wpmp_enable_mobile=\"yes\" wpmp_trigger_hook=\"0.5\" wpmp_reverse=\"yes\" wpmp_class_CSS =\"custom\" split-text = {} value=\"scrollmagic\"><\/span><h2 class=\"elementor-heading-title elementor-size-default\">Politique de confidentialit\u00e9<\/h2>\t\t<\/div>\n\t\t\t\t<\/div>\n\t\t\t\t<div class=\"elementor-element elementor-element-4b4c348 exad-sticky-section-no exad-glass-effect-no elementor-widget elementor-widget-text-editor\" data-id=\"4b4c348\" data-element_type=\"widget\" data-widget_type=\"text-editor.default\">\n\t\t\t\t<div class=\"elementor-widget-container\">\n\t\t\t<style>\/*! elementor - v3.17.0 - 08-11-2023 *\/\n.elementor-widget-text-editor.elementor-drop-cap-view-stacked .elementor-drop-cap{background-color:#69727d;color:#fff}.elementor-widget-text-editor.elementor-drop-cap-view-framed .elementor-drop-cap{color:#69727d;border:3px solid;background-color:transparent}.elementor-widget-text-editor:not(.elementor-drop-cap-view-default) .elementor-drop-cap{margin-top:8px}.elementor-widget-text-editor:not(.elementor-drop-cap-view-default) .elementor-drop-cap-letter{width:1em;height:1em}.elementor-widget-text-editor .elementor-drop-cap{float:left;text-align:center;line-height:1;font-size:50px}.elementor-widget-text-editor .elementor-drop-cap-letter{display:inline-block}<\/style><span id=\"scroll69f52b436803d\"  class=\"scrollMagicControl\" type=\"hidden\" effect = {} wpmp_enable_desktop=\"yes\" wpmp_enable_tablet=\"yes\" wpmp_enable_mobile=\"yes\" wpmp_trigger_hook=\"0.5\" wpmp_reverse=\"yes\" wpmp_class_CSS =\"custom\" split-text = {} value=\"scrollmagic\"><\/span>\t\t\t\t<h2><b>1. Responsable du traitement<\/b><\/h2><p><span style=\"font-weight: 400;\">Le responsable du traitement des donn\u00e9es personnelles est :<\/span><span style=\"font-weight: 400;\"><br \/><\/span> <b>Doro Niasse<\/b><\/p><h2><b>2. Donn\u00e9es collect\u00e9es<\/b><\/h2><p><span style=\"font-weight: 400;\">Les donn\u00e9es susceptibles d\u2019\u00eatre collect\u00e9es sont :<\/span><\/p><ul><li style=\"font-weight: 400;\" aria-level=\"1\"><span style=\"font-weight: 400;\">Nom et pr\u00e9nom<\/span><span style=\"font-weight: 400;\"><br \/><br \/><\/span><\/li><li style=\"font-weight: 400;\" aria-level=\"1\"><span style=\"font-weight: 400;\">Adresse e-mail<\/span><span style=\"font-weight: 400;\"><br \/><br \/><\/span><\/li><li style=\"font-weight: 400;\" aria-level=\"1\"><span style=\"font-weight: 400;\">Num\u00e9ro de t\u00e9l\u00e9phone<\/span><span style=\"font-weight: 400;\"><br \/><br \/><\/span><\/li><li style=\"font-weight: 400;\" aria-level=\"1\"><span style=\"font-weight: 400;\">Adresse postale<\/span><span style=\"font-weight: 400;\"><br \/><br \/><\/span><\/li><li style=\"font-weight: 400;\" aria-level=\"1\"><span style=\"font-weight: 400;\">Informations professionnelles<\/span><span style=\"font-weight: 400;\"><br \/><br \/><\/span><\/li><li style=\"font-weight: 400;\" aria-level=\"1\"><span style=\"font-weight: 400;\">Donn\u00e9es de navigation (cookies, adresse IP, type de navigateur)<\/span><span style=\"font-weight: 400;\"><br \/><br \/><\/span><\/li><\/ul><p><span style=\"font-weight: 400;\">La collecte s\u2019effectue lorsque l\u2019utilisateur :<\/span><\/p><ul><li style=\"font-weight: 400;\" aria-level=\"1\"><span style=\"font-weight: 400;\">remplit un formulaire de contact ou de devis,<\/span><span style=\"font-weight: 400;\"><br \/><br \/><\/span><\/li><li style=\"font-weight: 400;\" aria-level=\"1\"><span style=\"font-weight: 400;\">\u00e9change par e-mail,<\/span><span style=\"font-weight: 400;\"><br \/><br \/><\/span><\/li><li style=\"font-weight: 400;\" aria-level=\"1\"><span style=\"font-weight: 400;\">navigue sur le site.<\/span><span style=\"font-weight: 400;\"><br \/><br \/><\/span><\/li><\/ul><h2><b>3. Finalit\u00e9s du traitement<\/b><\/h2><p><span style=\"font-weight: 400;\">Les donn\u00e9es sont collect\u00e9es exclusivement pour :<\/span><\/p><ul><li style=\"font-weight: 400;\" aria-level=\"1\"><span style=\"font-weight: 400;\">r\u00e9pondre aux demandes et messages,<\/span><span style=\"font-weight: 400;\"><br \/><br \/><\/span><\/li><li style=\"font-weight: 400;\" aria-level=\"1\"><span style=\"font-weight: 400;\">\u00e9tablir devis, factures et contrats,<\/span><span style=\"font-weight: 400;\"><br \/><br \/><\/span><\/li><li style=\"font-weight: 400;\" aria-level=\"1\"><span style=\"font-weight: 400;\">assurer le suivi des prestations,<\/span><span style=\"font-weight: 400;\"><br \/><br \/><\/span><\/li><li style=\"font-weight: 400;\" aria-level=\"1\"><span style=\"font-weight: 400;\">respecter les obligations l\u00e9gales et comptables,<\/span><span style=\"font-weight: 400;\"><br \/><br \/><\/span><\/li><li style=\"font-weight: 400;\" aria-level=\"1\"><span style=\"font-weight: 400;\">am\u00e9liorer le fonctionnement du site.<\/span><span style=\"font-weight: 400;\"><br \/><br \/><\/span><\/li><\/ul><h2><b>4. Base l\u00e9gale<\/b><\/h2><p><span style=\"font-weight: 400;\">Le traitement des donn\u00e9es repose sur :<\/span><\/p><ul><li style=\"font-weight: 400;\" aria-level=\"1\"><span style=\"font-weight: 400;\">le consentement de l\u2019utilisateur,<\/span><span style=\"font-weight: 400;\"><br \/><br \/><\/span><\/li><li style=\"font-weight: 400;\" aria-level=\"1\"><span style=\"font-weight: 400;\">l\u2019ex\u00e9cution d\u2019un contrat ou de mesures pr\u00e9contractuelles,<\/span><span style=\"font-weight: 400;\"><br \/><br \/><\/span><\/li><li style=\"font-weight: 400;\" aria-level=\"1\"><span style=\"font-weight: 400;\">le respect d\u2019obligations l\u00e9gales.<\/span><span style=\"font-weight: 400;\"><br \/><br \/><\/span><\/li><\/ul><h2><b>5. Conservation des donn\u00e9es<\/b><\/h2><p><span style=\"font-weight: 400;\">Les donn\u00e9es sont conserv\u00e9es :<\/span><\/p><ul><li style=\"font-weight: 400;\" aria-level=\"1\"><span style=\"font-weight: 400;\">pendant la dur\u00e9e de la relation commerciale,<\/span><span style=\"font-weight: 400;\"><br \/><br \/><\/span><\/li><li style=\"font-weight: 400;\" aria-level=\"1\"><span style=\"font-weight: 400;\">puis jusqu\u2019\u00e0 <\/span><b>3 ans maximum<\/b><span style=\"font-weight: 400;\"> apr\u00e8s le dernier contact ou la fin de la prestation,<\/span><span style=\"font-weight: 400;\"><br \/><\/span><span style=\"font-weight: 400;\"> sauf obligation l\u00e9gale contraire.<\/span><span style=\"font-weight: 400;\"><br \/><br \/><\/span><\/li><\/ul><h2><b>6. Confidentialit\u00e9 et s\u00e9curit\u00e9<\/b><\/h2><p><span style=\"font-weight: 400;\">Les donn\u00e9es sont strictement confidentielles.<\/span><span style=\"font-weight: 400;\"><br \/><\/span><span style=\"font-weight: 400;\"> Des mesures techniques et organisationnelles sont mises en place afin d\u2019emp\u00eacher tout acc\u00e8s non autoris\u00e9, perte, alt\u00e9ration ou divulgation.<\/span><\/p><h2><b>7. Partage des donn\u00e9es<\/b><\/h2><p><span style=\"font-weight: 400;\">Les donn\u00e9es personnelles ne sont :<\/span><\/p><ul><li style=\"font-weight: 400;\" aria-level=\"1\"><span style=\"font-weight: 400;\">ni vendues,<\/span><span style=\"font-weight: 400;\"><br \/><br \/><\/span><\/li><li style=\"font-weight: 400;\" aria-level=\"1\"><span style=\"font-weight: 400;\">ni c\u00e9d\u00e9es,<\/span><span style=\"font-weight: 400;\"><br \/><br \/><\/span><\/li><li style=\"font-weight: 400;\" aria-level=\"1\"><span style=\"font-weight: 400;\">ni \u00e9chang\u00e9es.<\/span><span style=\"font-weight: 400;\"><br \/><br \/><\/span><\/li><\/ul><p><span style=\"font-weight: 400;\">Elles peuvent \u00eatre transmises uniquement aux prestataires techniques strictement n\u00e9cessaires \u00e0 l\u2019ex\u00e9cution du service (h\u00e9bergement, outils professionnels).<\/span><\/p><h2><b>8. Droits des utilisateurs<\/b><\/h2><p><span style=\"font-weight: 400;\">Conform\u00e9ment \u00e0 la r\u00e9glementation en vigueur, l\u2019utilisateur dispose des droits suivants :<\/span><\/p><ul><li style=\"font-weight: 400;\" aria-level=\"1\"><span style=\"font-weight: 400;\">droit d\u2019acc\u00e8s,<\/span><span style=\"font-weight: 400;\"><br \/><br \/><\/span><\/li><li style=\"font-weight: 400;\" aria-level=\"1\"><span style=\"font-weight: 400;\">droit de rectification,<\/span><span style=\"font-weight: 400;\"><br \/><br \/><\/span><\/li><li style=\"font-weight: 400;\" aria-level=\"1\"><span style=\"font-weight: 400;\">droit \u00e0 l\u2019effacement,<\/span><span style=\"font-weight: 400;\"><br \/><br \/><\/span><\/li><li style=\"font-weight: 400;\" aria-level=\"1\"><span style=\"font-weight: 400;\">droit d\u2019opposition,<\/span><span style=\"font-weight: 400;\"><br \/><br \/><\/span><\/li><li style=\"font-weight: 400;\" aria-level=\"1\"><span style=\"font-weight: 400;\">droit \u00e0 la limitation du traitement.<\/span><span style=\"font-weight: 400;\"><br \/><br \/><\/span><\/li><\/ul><p><span style=\"font-weight: 400;\">Toute demande doit \u00eatre formul\u00e9e par e-mail aupr\u00e8s du responsable du traitement.<\/span><\/p><h2><b>9. R\u00e9clamation<\/b><\/h2><p><span style=\"font-weight: 400;\">En cas de d\u00e9saccord, l\u2019utilisateur peut adresser une r\u00e9clamation aupr\u00e8s de l\u2019autorit\u00e9 comp\u00e9tente en mati\u00e8re de protection des donn\u00e9es.<\/span><\/p>\t\t\t\t\t\t<\/div>\n\t\t\t\t<\/div>\n\t\t\t\t\t<\/div>\n\t\t<\/div>\n\t\t\t\t\t\t\t<\/div>\n\t\t<\/section>\n\t\t\t\t\t\t\t<\/div>\n\t\t","protected":false},"excerpt":{"rendered":"<p>Politique de confidentialit\u00e9 1. Responsable du traitement Le responsable du traitement des donn\u00e9es personnelles est : Doro Niasse 2. Donn\u00e9es collect\u00e9es Les donn\u00e9es susceptibles d\u2019\u00eatre collect\u00e9es sont : Nom et pr\u00e9nom Adresse e-mail Num\u00e9ro de t\u00e9l\u00e9phone Adresse postale Informations professionnelles Donn\u00e9es de navigation (cookies, adresse IP, type de navigateur) La collecte s\u2019effectue lorsque l\u2019utilisateur : remplit un formulaire de contact ou de devis, \u00e9change par e-mail, navigue sur le site. 3. Finalit\u00e9s du traitement Les donn\u00e9es sont collect\u00e9es exclusivement pour : r\u00e9pondre aux demandes et messages, \u00e9tablir devis, factures et contrats, assurer le suivi des prestations, respecter les obligations l\u00e9gales et comptables, am\u00e9liorer le fonctionnement du site. 4. Base l\u00e9gale Le traitement des donn\u00e9es repose sur : le consentement de l\u2019utilisateur, l\u2019ex\u00e9cution d\u2019un contrat ou de mesures pr\u00e9contractuelles, le respect d\u2019obligations l\u00e9gales. 5. Conservation des donn\u00e9es Les donn\u00e9es sont conserv\u00e9es : pendant la dur\u00e9e de la relation commerciale, puis jusqu\u2019\u00e0 3 ans maximum apr\u00e8s le dernier contact ou la fin de la prestation, sauf obligation l\u00e9gale contraire. 6. Confidentialit\u00e9 et s\u00e9curit\u00e9 Les donn\u00e9es sont strictement confidentielles. Des mesures techniques et organisationnelles sont mises en place afin d\u2019emp\u00eacher tout acc\u00e8s non autoris\u00e9, perte, alt\u00e9ration ou divulgation. 7. Partage des donn\u00e9es Les donn\u00e9es personnelles ne sont : ni vendues, ni c\u00e9d\u00e9es, ni \u00e9chang\u00e9es. Elles peuvent \u00eatre transmises uniquement aux prestataires techniques strictement n\u00e9cessaires \u00e0 l\u2019ex\u00e9cution du service (h\u00e9bergement, outils professionnels). 8. Droits des utilisateurs Conform\u00e9ment \u00e0 la r\u00e9glementation en vigueur, l\u2019utilisateur dispose des droits suivants : droit d\u2019acc\u00e8s, droit de rectification, droit \u00e0 l\u2019effacement, droit d\u2019opposition, droit \u00e0 la limitation du traitement. Toute demande doit \u00eatre formul\u00e9e par e-mail aupr\u00e8s du responsable du traitement. 9. R\u00e9clamation En cas de d\u00e9saccord, l\u2019utilisateur peut adresser une r\u00e9clamation aupr\u00e8s de l\u2019autorit\u00e9 comp\u00e9tente en mati\u00e8re de protection des donn\u00e9es.<\/p>\n","protected":false},"author":1,"featured_media":0,"parent":0,"menu_order":0,"comment_status":"closed","ping_status":"closed","template":"","meta":{"site-sidebar-layout":"no-sidebar","site-content-layout":"page-builder","ast-site-content-layout":"full-width-container","site-content-style":"default","site-sidebar-style":"default","ast-global-header-display":"","ast-banner-title-visibility":"","ast-main-header-display":"","ast-hfb-above-header-display":"","ast-hfb-below-header-display":"","ast-hfb-mobile-header-display":"","site-post-title":"disabled","ast-breadcrumbs-content":"","ast-featured-img":"disabled","footer-sml-layout":"","theme-transparent-header-meta":"","adv-header-id-meta":"","stick-header-meta":"","header-above-stick-meta":"","header-main-stick-meta":"","header-below-stick-meta":"","astra-migrate-meta-layouts":"set","ast-page-background-enabled":"default","ast-page-background-meta":{"desktop":{"background-color":"","background-image":"","background-repeat":"repeat","background-position":"center center","background-size":"auto","background-attachment":"scroll","background-type":"","background-media":"","overlay-type":"","overlay-color":"","overlay-gradient":""},"tablet":{"background-color":"","background-image":"","background-repeat":"repeat","background-position":"center center","background-size":"auto","background-attachment":"scroll","background-type":"","background-media":"","overlay-type":"","overlay-color":"","overlay-gradient":""},"mobile":{"background-color":"","background-image":"","background-repeat":"repeat","background-position":"center center","background-size":"auto","background-attachment":"scroll","background-type":"","background-media":"","overlay-type":"","overlay-color":"","overlay-gradient":""}},"ast-content-background-meta":{"desktop":{"background-color":"var(--ast-global-color-5)","background-image":"","background-repeat":"repeat","background-position":"center center","background-size":"auto","background-attachment":"scroll","background-type":"","background-media":"","overlay-type":"","overlay-color":"","overlay-gradient":""},"tablet":{"background-color":"var(--ast-global-color-5)","background-image":"","background-repeat":"repeat","background-position":"center center","background-size":"auto","background-attachment":"scroll","background-type":"","background-media":"","overlay-type":"","overlay-color":"","overlay-gradient":""},"mobile":{"background-color":"var(--ast-global-color-5)","background-image":"","background-repeat":"repeat","background-position":"center center","background-size":"auto","background-attachment":"scroll","background-type":"","background-media":"","overlay-type":"","overlay-color":"","overlay-gradient":""}},"footnotes":""},"class_list":["post-1924","page","type-page","status-publish","hentry"],"_links":{"self":[{"href":"https:\/\/clone.doroniasse.com\/staging\/wp-json\/wp\/v2\/pages\/1924","targetHints":{"allow":["GET"]}}],"collection":[{"href":"https:\/\/clone.doroniasse.com\/staging\/wp-json\/wp\/v2\/pages"}],"about":[{"href":"https:\/\/clone.doroniasse.com\/staging\/wp-json\/wp\/v2\/types\/page"}],"author":[{"embeddable":true,"href":"https:\/\/clone.doroniasse.com\/staging\/wp-json\/wp\/v2\/users\/1"}],"replies":[{"embeddable":true,"href":"https:\/\/clone.doroniasse.com\/staging\/wp-json\/wp\/v2\/comments?post=1924"}],"version-history":[{"count":10,"href":"https:\/\/clone.doroniasse.com\/staging\/wp-json\/wp\/v2\/pages\/1924\/revisions"}],"predecessor-version":[{"id":4000,"href":"https:\/\/clone.doroniasse.com\/staging\/wp-json\/wp\/v2\/pages\/1924\/revisions\/4000"}],"wp:attachment":[{"href":"https:\/\/clone.doroniasse.com\/staging\/wp-json\/wp\/v2\/media?parent=1924"}],"curies":[{"name":"wp","href":"https:\/\/api.w.org\/{rel}","templated":true}]}}